{"id":3956,"date":"2026-01-10T17:44:06","date_gmt":"2026-01-10T16:44:06","guid":{"rendered":"https:\/\/vulcan.yachts\/?page_id=3956"},"modified":"2026-04-22T13:25:57","modified_gmt":"2026-04-22T11:25:57","slug":"start","status":"publish","type":"page","link":"https:\/\/vulcan.yachts\/pl\/","title":{"rendered":"Start"},"content":{"rendered":"\t\t<div data-elementor-type=\"wp-page\" data-elementor-id=\"3956\" class=\"elementor elementor-3956\" data-elementor-post-type=\"page\">\n\t\t\t\t<div class=\"elementor-element elementor-element-e77477d e-con-full e-ecs-flex e-flex e-con e-parent\" data-id=\"e77477d\" data-element_type=\"container\" data-e-type=\"container\" data-settings=\"{&quot;background_background&quot;:&quot;video&quot;,&quot;background_video_link&quot;:&quot;https:\\\/\\\/vimeo.com\\\/739739415&quot;,&quot;background_play_on_mobile&quot;:&quot;yes&quot;,&quot;background_video_start&quot;:10,&quot;background_video_end&quot;:70,&quot;ecs_container_type&quot;:&quot;flex&quot;}\">\n\t\t<div class=\"elementor-background-video-container\">\n\t\t\t\t\t\t\t<div class=\"elementor-background-video-embed\" role=\"presentation\"><\/div>\n\t\t\t\t\t\t<\/div><div class=\"elementor-element elementor-element-a486536 e-ecs-flex e-flex e-con-boxed e-con e-child\" data-id=\"a486536\" data-element_type=\"container\" data-e-type=\"container\" data-settings=\"{&quot;ecs_container_type&quot;:&quot;flex&quot;}\">\n\t\t\t\t\t<div class=\"e-con-inner\">\n\t\t\t\t<div class=\"elementor-element elementor-element-498ac5a elementor-widget__width-initial elementor-widget elementor-widget-image\" data-id=\"498ac5a\" data-element_type=\"widget\" data-e-type=\"widget\" data-widget_type=\"image.default\">\n\t\t\t\t<div class=\"elementor-widget-container\">\n\t\t\t\t\t\t\t\t\t\t\t\t\t\t\t\t<a href=\"https:\/\/vulcan.yachts\/home-2\/\">\n\t\t\t\t\t\t\t<img fetchpriority=\"high\" decoding=\"async\" width=\"799\" height=\"237\" src=\"https:\/\/vulcan.yachts\/wp-content\/uploads\/2026\/01\/logo2026_vulcan.png\" class=\"attachment-large size-large wp-image-4167\" alt=\"\" srcset=\"https:\/\/vulcan.yachts\/wp-content\/uploads\/2026\/01\/logo2026_vulcan.png 799w, https:\/\/vulcan.yachts\/wp-content\/uploads\/2026\/01\/logo2026_vulcan-300x89.png 300w, https:\/\/vulcan.yachts\/wp-content\/uploads\/2026\/01\/logo2026_vulcan-768x228.png 768w\" sizes=\"(max-width: 799px) 100vw, 799px\" \/>\t\t\t\t\t\t\t\t<\/a>\n\t\t\t\t\t\t\t\t\t\t\t\t\t\t\t<\/div>\n\t\t\t\t<\/div>\n\t\t\t\t<div class=\"elementor-element elementor-element-185b8f0 elementor-widget elementor-widget-html\" data-id=\"185b8f0\" data-element_type=\"widget\" data-e-type=\"widget\" data-widget_type=\"html.default\">\n\t\t\t\t<div class=\"elementor-widget-container\">\n\t\t\t\t\t<style>\r\n  .redirect-progress {\r\n    position: fixed;\r\n    top: 0;\r\n    left: 0;\r\n    height: 6px;\r\n    width: 0%;\r\n    background: rgba(255, 255, 255, 0.6);\r\n    z-index: 9999;\r\n    transition: width 0.1s linear;\r\n  }\r\n<\/style>\r\n\r\n<div class=\"redirect-progress\" id=\"redirectProgress\"><\/div>\r\n\r\n<script>\r\n  const duration = 38000; \r\n  const startTime = Date.now();\r\n  const bar = document.getElementById('redirectProgress');\r\n\r\n  function updateProgress() {\r\n    const elapsed = Date.now() - startTime;\r\n    const progress = Math.min(elapsed \/ duration, 1);\r\n\r\n    bar.style.width = (progress * 100) + '%';\r\n\r\n    if (progress < 1) {\r\n      requestAnimationFrame(updateProgress);\r\n    } else {\r\n      window.location.href = 'https:\/\/vulcan.yachts\/home';\r\n    }\r\n  }\r\n\r\n  requestAnimationFrame(updateProgress);\r\n<\/script>\r\n\t\t\t\t<\/div>\n\t\t\t\t<\/div>\n\t\t\t\t\t<\/div>\n\t\t\t\t<\/div>\n\t\t\t\t<div class=\"elementor-element elementor-element-aabaabe elementor-widget elementor-widget-text-editor\" data-id=\"aabaabe\" data-element_type=\"widget\" data-e-type=\"widget\" data-widget_type=\"text-editor.default\">\n\t\t\t\t<div class=\"elementor-widget-container\">\n\t\t\t\t\t\t\t\t\tPolski\u00a0 | \u00a0<a class=\"link-menu\" href=\"https:\/\/vulcan.yachts\"><span style=\"font-weight: bold;\">English<\/span><\/a>\t\t\t\t\t\t\t\t<\/div>\n\t\t\t\t<\/div>\n\t\t\t\t<div class=\"elementor-element elementor-element-fba1569 elementor-align-center e-transform elementor-widget elementor-widget-button\" data-id=\"fba1569\" data-element_type=\"widget\" data-e-type=\"widget\" data-settings=\"{&quot;_transform_translateX_effect_hover&quot;:{&quot;unit&quot;:&quot;px&quot;,&quot;size&quot;:4,&quot;sizes&quot;:[]},&quot;motion_fx_motion_fx_mouse&quot;:&quot;yes&quot;,&quot;_transform_translateX_effect_hover_laptop&quot;:{&quot;unit&quot;:&quot;px&quot;,&quot;size&quot;:&quot;&quot;,&quot;sizes&quot;:[]},&quot;_transform_translateX_effect_hover_tablet&quot;:{&quot;unit&quot;:&quot;px&quot;,&quot;size&quot;:&quot;&quot;,&quot;sizes&quot;:[]},&quot;_transform_translateX_effect_hover_mobile&quot;:{&quot;unit&quot;:&quot;px&quot;,&quot;size&quot;:&quot;&quot;,&quot;sizes&quot;:[]},&quot;_transform_translateY_effect_hover&quot;:{&quot;unit&quot;:&quot;px&quot;,&quot;size&quot;:&quot;&quot;,&quot;sizes&quot;:[]},&quot;_transform_translateY_effect_hover_laptop&quot;:{&quot;unit&quot;:&quot;px&quot;,&quot;size&quot;:&quot;&quot;,&quot;sizes&quot;:[]},&quot;_transform_translateY_effect_hover_tablet&quot;:{&quot;unit&quot;:&quot;px&quot;,&quot;size&quot;:&quot;&quot;,&quot;sizes&quot;:[]},&quot;_transform_translateY_effect_hover_mobile&quot;:{&quot;unit&quot;:&quot;px&quot;,&quot;size&quot;:&quot;&quot;,&quot;sizes&quot;:[]}}\" data-widget_type=\"button.default\">\n\t\t\t\t<div class=\"elementor-widget-container\">\n\t\t\t\t\t\t\t\t\t<div class=\"elementor-button-wrapper\">\n\t\t\t\t\t<a class=\"elementor-button elementor-button-link elementor-size-xs\" href=\"https:\/\/vulcan.yachts\/pl\/luksusowy-jacht-motorowy-vulcan-jp47\/\">\n\t\t\t\t\t\t<span class=\"elementor-button-content-wrapper\">\n\t\t\t\t\t\t<span class=\"elementor-button-icon\">\n\t\t\t\t<svg xmlns=\"http:\/\/www.w3.org\/2000\/svg\" width=\"40\" height=\"22\" viewBox=\"0 0 9.382 5.116\" fill-rule=\"evenodd\" clip-rule=\"evenodd\"><g id=\"Warstwa_x0020_1\"><path fill=\"#E1CEB3\" d=\"M5.805 2.326l2.725 0 -1.836 -2.013 0.343 -0.313 2.191 2.402 0.154 0.157 -0.154 0.155 -2.191 2.402 -0.343 -0.313 1.836 -2.013 -2.725 0 -5.805 0 0 -0.464 5.805 0z\"><\/path><\/g><\/svg>\t\t\t<\/span>\n\t\t\t\t\t\t\t\t\t<span class=\"elementor-button-text\">gotowy na przygod\u0119?<\/span>\n\t\t\t\t\t<\/span>\n\t\t\t\t\t<\/a>\n\t\t\t\t<\/div>\n\t\t\t\t\t\t\t\t<\/div>\n\t\t\t\t<\/div>\n\t\t\t\t<div class=\"elementor-element elementor-element-5cb9cb1 elementor-widget elementor-widget-text-editor\" data-id=\"5cb9cb1\" data-element_type=\"widget\" data-e-type=\"widget\" data-widget_type=\"text-editor.default\">\n\t\t\t\t<div class=\"elementor-widget-container\">\n\t\t\t\t\t\t\t\t\t<p>Zapraszamy na pok\u0142ad! Poznaj mo\u017cliwo\u015bci i design wielokrotnie nagradzanego jachtu Vulcan JP47.<\/p>\t\t\t\t\t\t\t\t<\/div>\n\t\t\t\t<\/div>\n\t\t\t\t<\/div>\n\t\t\t\t<\/div>\n\t\t","protected":false},"excerpt":{"rendered":"<p>Polski\u00a0 | \u00a0English gotowy na przygod\u0119? Zapraszamy na pok\u0142ad! Poznaj mo\u017cliwo\u015bci i design wielokrotnie nagradzanego jachtu Vulcan JP47.<\/p>\n","protected":false},"author":1,"featured_media":0,"parent":0,"menu_order":0,"comment_status":"closed","ping_status":"closed","template":"elementor_canvas","meta":{"iawp_total_views":318,"footnotes":""},"class_list":["post-3956","page","type-page","status-publish","hentry"],"_links":{"self":[{"href":"https:\/\/vulcan.yachts\/pl\/wp-json\/wp\/v2\/pages\/3956","targetHints":{"allow":["GET"]}}],"collection":[{"href":"https:\/\/vulcan.yachts\/pl\/wp-json\/wp\/v2\/pages"}],"about":[{"href":"https:\/\/vulcan.yachts\/pl\/wp-json\/wp\/v2\/types\/page"}],"author":[{"embeddable":true,"href":"https:\/\/vulcan.yachts\/pl\/wp-json\/wp\/v2\/users\/1"}],"replies":[{"embeddable":true,"href":"https:\/\/vulcan.yachts\/pl\/wp-json\/wp\/v2\/comments?post=3956"}],"version-history":[{"count":96,"href":"https:\/\/vulcan.yachts\/pl\/wp-json\/wp\/v2\/pages\/3956\/revisions"}],"predecessor-version":[{"id":4830,"href":"https:\/\/vulcan.yachts\/pl\/wp-json\/wp\/v2\/pages\/3956\/revisions\/4830"}],"wp:attachment":[{"href":"https:\/\/vulcan.yachts\/pl\/wp-json\/wp\/v2\/media?parent=3956"}],"curies":[{"name":"wp","href":"https:\/\/api.w.org\/{rel}","templated":true}]}}